{"id":128,"date":"2021-01-15T21:33:01","date_gmt":"2021-01-15T20:33:01","guid":{"rendered":"http:\/\/www.adpo.pl\/?page_id=128"},"modified":"2021-04-28T16:20:04","modified_gmt":"2021-04-28T14:20:04","slug":"zakres-dzialalnosci-2","status":"publish","type":"page","link":"http:\/\/www.adpo.pl\/index.php\/zakres-dzialalnosci-2\/","title":{"rendered":"Zakres dzia\u0142alno\u015bci"},"content":{"rendered":"\n<p><strong>ADPO Automatyka ma w swojej ofercie us\u0142ugi: <\/strong><\/p>\n\n\n\n<ul><li>Automatyka przemys\u0142owa dla urz\u0105dze\u0144 i linii technologicznych <\/li><\/ul>\n\n\n\n<p>Doradztwo w zakresie opracowywania technologii urz\u0105dze\u0144<br>Projekt elektryczny z doborem komponent\u00f3w <br>Oprogramowanie PLC <br>Konfiguracja wizualizacji SCADA i HMI <br>Przeprowadzanie uruchomie\u0144 u klient\u00f3w ko\u0144cowych <br>Optymalizacja pracy <br>Dokumentacja techniczna <br>Szkolenie operator\u00f3w <br>Opracowanie instrukcji obs\u0142ugi z zakresu sterowania<\/p>\n\n\n\n<ul><li>Modernizacja istniej\u0105cych urz\u0105dze\u0144 i linii technologicznych <\/li><\/ul>\n\n\n\n<ul><li> Automatyka budynkowa <\/li><\/ul>\n\n\n\n<p>Projekt elektryczny <br>Konfiguracja systemu <br>Asysta w realizacji projektu<\/p>\n\n\n\n<div class=\"wp-block-themeisle-blocks-advanced-columns has-2-columns has-desktop-oneTwo-layout has-tablet-equal-layout has-mobile-collapsedRows-layout has-default-gap has-vertical-flex-end\" id=\"wp-block-themeisle-blocks-advanced-columns-6b9c623d\"><div class=\"wp-block-themeisle-blocks-advanced-columns-overlay\"><\/div><div class=\"innerblocks-wrap\">\n<div class=\"wp-block-themeisle-blocks-advanced-column\" id=\"wp-block-themeisle-blocks-advanced-column-326f2211\"><\/div>\n\n\n\n<div class=\"wp-block-themeisle-blocks-advanced-column\" id=\"wp-block-themeisle-blocks-advanced-column-3c7c7edb\"><\/div>\n<\/div><\/div>\n","protected":false},"excerpt":{"rendered":"<p>ADPO Automatyka ma w swojej ofercie us\u0142ugi: Automatyka przemys\u0142owa dla urz\u0105dze\u0144 i linii technologicznych Doradztwo w zakresie opracowywania technologii urz\u0105dze\u0144Projekt elektryczny z doborem komponent\u00f3w Oprogramowanie PLC Konfiguracja wizualizacji SCADA i HMI Przeprowadzanie uruchomie\u0144 u klient\u00f3w ko\u0144cowych Optymalizacja pracy Dokumentacja techniczna Szkolenie operator\u00f3w Opracowanie instrukcji obs\u0142ugi z zakresu sterowania Modernizacja istniej\u0105cych urz\u0105dze\u0144 i linii technologicznych Automatyka&hellip; <br \/> <a class=\"read-more\" href=\"http:\/\/www.adpo.pl\/index.php\/zakres-dzialalnosci-2\/\">Czytaj dalej<\/a><\/p>\n","protected":false},"author":1,"featured_media":0,"parent":0,"menu_order":0,"comment_status":"closed","ping_status":"closed","template":"","meta":[],"_links":{"self":[{"href":"http:\/\/www.adpo.pl\/index.php\/wp-json\/wp\/v2\/pages\/128"}],"collection":[{"href":"http:\/\/www.adpo.pl\/index.php\/wp-json\/wp\/v2\/pages"}],"about":[{"href":"http:\/\/www.adpo.pl\/index.php\/wp-json\/wp\/v2\/types\/page"}],"author":[{"embeddable":true,"href":"http:\/\/www.adpo.pl\/index.php\/wp-json\/wp\/v2\/users\/1"}],"replies":[{"embeddable":true,"href":"http:\/\/www.adpo.pl\/index.php\/wp-json\/wp\/v2\/comments?post=128"}],"version-history":[{"count":4,"href":"http:\/\/www.adpo.pl\/index.php\/wp-json\/wp\/v2\/pages\/128\/revisions"}],"predecessor-version":[{"id":159,"href":"http:\/\/www.adpo.pl\/index.php\/wp-json\/wp\/v2\/pages\/128\/revisions\/159"}],"wp:attachment":[{"href":"http:\/\/www.adpo.pl\/index.php\/wp-json\/wp\/v2\/media?parent=128"}],"curies":[{"name":"wp","href":"https:\/\/api.w.org\/{rel}","templated":true}]}}