{"id":141,"date":"2021-01-15T21:52:57","date_gmt":"2021-01-15T20:52:57","guid":{"rendered":"http:\/\/www.adpo.pl\/?page_id=141"},"modified":"2021-04-28T16:23:38","modified_gmt":"2021-04-28T14:23:38","slug":"o-firmie","status":"publish","type":"page","link":"http:\/\/www.adpo.pl\/index.php\/o-firmie\/","title":{"rendered":"O firmie"},"content":{"rendered":"\n<p><strong>ADPO Automatyka jest pr\u0119\u017cnie rozwijaj\u0105c\u0105 si\u0119 firm\u0105 za\u0142o\u017con\u0105 w 2019r. Pomimo kr\u00f3tkiego sta\u017cu na rynku, \u0142\u0105czy w sobie wiele lat do\u015bwiadczenia bran\u017cowego zdobytego przez pracownik\u00f3w, na r\u00f3\u017cnych p\u0142aszczyznach realizowania zaawansowanych projekt\u00f3w. <\/strong><\/p>\n\n\n\n<p><\/p>\n","protected":false},"excerpt":{"rendered":"<p>ADPO Automatyka jest pr\u0119\u017cnie rozwijaj\u0105c\u0105 si\u0119 firm\u0105 za\u0142o\u017con\u0105 w 2019r. Pomimo kr\u00f3tkiego sta\u017cu na rynku, \u0142\u0105czy w sobie wiele lat do\u015bwiadczenia bran\u017cowego zdobytego przez pracownik\u00f3w, na r\u00f3\u017cnych p\u0142aszczyznach realizowania zaawansowanych projekt\u00f3w.<\/p>\n","protected":false},"author":1,"featured_media":0,"parent":0,"menu_order":0,"comment_status":"closed","ping_status":"closed","template":"","meta":[],"_links":{"self":[{"href":"http:\/\/www.adpo.pl\/index.php\/wp-json\/wp\/v2\/pages\/141"}],"collection":[{"href":"http:\/\/www.adpo.pl\/index.php\/wp-json\/wp\/v2\/pages"}],"about":[{"href":"http:\/\/www.adpo.pl\/index.php\/wp-json\/wp\/v2\/types\/page"}],"author":[{"embeddable":true,"href":"http:\/\/www.adpo.pl\/index.php\/wp-json\/wp\/v2\/users\/1"}],"replies":[{"embeddable":true,"href":"http:\/\/www.adpo.pl\/index.php\/wp-json\/wp\/v2\/comments?post=141"}],"version-history":[{"count":6,"href":"http:\/\/www.adpo.pl\/index.php\/wp-json\/wp\/v2\/pages\/141\/revisions"}],"predecessor-version":[{"id":161,"href":"http:\/\/www.adpo.pl\/index.php\/wp-json\/wp\/v2\/pages\/141\/revisions\/161"}],"wp:attachment":[{"href":"http:\/\/www.adpo.pl\/index.php\/wp-json\/wp\/v2\/media?parent=141"}],"curies":[{"name":"wp","href":"https:\/\/api.w.org\/{rel}","templated":true}]}}