{"id":2,"date":"2019-09-08T17:00:51","date_gmt":"2019-09-08T15:00:51","guid":{"rendered":"http:\/\/www.adpo.pl\/?page_id=2"},"modified":"2021-04-28T16:39:05","modified_gmt":"2021-04-28T14:39:05","slug":"oprogramowanie","status":"publish","type":"page","link":"http:\/\/www.adpo.pl\/index.php\/oprogramowanie\/","title":{"rendered":"Oprogramowanie"},"content":{"rendered":"\n<p>Nasza firma realizuje projekty przy u\u017cyciu najbardziej popularnych i presti\u017cowych na rynku oprogramowa\u0144<\/p>\n\n\n\n<ul><li>EPLAN<\/li><li>TIA Portal dla PLC<\/li><li>TIA Portal dla SCADA\/HMI<\/li><li>SIMATIC STEP 7 Safety Advanced<\/li><li>SIWAREX SIWATOOL<\/li><li>Autorskie skrypty MS Office dla efektywnego zarz\u0105dzania projektami<\/li><\/ul>\n","protected":false},"excerpt":{"rendered":"<p>Nasza firma realizuje projekty przy u\u017cyciu najbardziej popularnych i presti\u017cowych na rynku oprogramowa\u0144 EPLAN TIA Portal dla PLC TIA Portal dla SCADA\/HMI SIMATIC STEP 7 Safety Advanced SIWAREX SIWATOOL Autorskie skrypty MS Office dla efektywnego zarz\u0105dzania projektami<\/p>\n","protected":false},"author":1,"featured_media":0,"parent":0,"menu_order":0,"comment_status":"closed","ping_status":"closed","template":"","meta":[],"_links":{"self":[{"href":"http:\/\/www.adpo.pl\/index.php\/wp-json\/wp\/v2\/pages\/2"}],"collection":[{"href":"http:\/\/www.adpo.pl\/index.php\/wp-json\/wp\/v2\/pages"}],"about":[{"href":"http:\/\/www.adpo.pl\/index.php\/wp-json\/wp\/v2\/types\/page"}],"author":[{"embeddable":true,"href":"http:\/\/www.adpo.pl\/index.php\/wp-json\/wp\/v2\/users\/1"}],"replies":[{"embeddable":true,"href":"http:\/\/www.adpo.pl\/index.php\/wp-json\/wp\/v2\/comments?post=2"}],"version-history":[{"count":3,"href":"http:\/\/www.adpo.pl\/index.php\/wp-json\/wp\/v2\/pages\/2\/revisions"}],"predecessor-version":[{"id":163,"href":"http:\/\/www.adpo.pl\/index.php\/wp-json\/wp\/v2\/pages\/2\/revisions\/163"}],"wp:attachment":[{"href":"http:\/\/www.adpo.pl\/index.php\/wp-json\/wp\/v2\/media?parent=2"}],"curies":[{"name":"wp","href":"https:\/\/api.w.org\/{rel}","templated":true}]}}