{"id":96,"date":"2020-09-03T00:27:45","date_gmt":"2020-09-02T22:27:45","guid":{"rendered":"http:\/\/www.adpo.pl\/?page_id=96"},"modified":"2021-04-28T16:44:33","modified_gmt":"2021-04-28T14:44:33","slug":"kontakt","status":"publish","type":"page","link":"http:\/\/www.adpo.pl\/index.php\/kontakt\/","title":{"rendered":"Kontakt"},"content":{"rendered":"<p><strong>Zapraszamy do kontaktu!<\/strong><\/p>\n<p><img loading=\"lazy\" class=\"\" src=\"https:\/\/image.freepik.com\/darmowe-ikony\/telefony-komorkowe_318-1419.jpg\" alt=\"Telefony Kom\u00f3rkowe | darmowa Ikony\" width=\"26\" height=\"26\" \/>\u00a0 \u00a0 +48 880 304 494<\/p>\n<p>\u00a0@\u00a0 \u00a0 \u00a0 \u00a0biuro@adpo.pl<br \/>\u00a0<br \/><em>ADPO Automatyka Adam P\u00f3\u0142ch\u0142opek<\/em><br \/><em>Pstr\u0105gowa 737A<\/em><br \/><em>38-121 Pstr\u0105gowa<\/em><br \/><em>NIP PL \u00a08191670890<\/em><\/p>\n\n\n<p><\/p>\n\n\n\n<div class=\"wp-block-group\"><div class=\"wp-block-group__inner-container\"><\/div><\/div>\n\n\n\n<div class=\"wp-block-group alignfull\"><div class=\"wp-block-group__inner-container\">\n<div class=\"wp-block-group alignfull\"><div class=\"wp-block-group__inner-container\"><\/div><\/div>\n<\/div><\/div>\n\n\n<p><\/p>","protected":false},"excerpt":{"rendered":"<p>Zapraszamy do kontaktu! \u00a0 \u00a0 +48 880 304 494 \u00a0@\u00a0 \u00a0 \u00a0 \u00a0biuro@adpo.pl\u00a0ADPO Automatyka Adam P\u00f3\u0142ch\u0142opekPstr\u0105gowa 737A38-121 Pstr\u0105gowaNIP PL \u00a08191670890<\/p>\n","protected":false},"author":1,"featured_media":0,"parent":0,"menu_order":0,"comment_status":"closed","ping_status":"closed","template":"","meta":[],"_links":{"self":[{"href":"http:\/\/www.adpo.pl\/index.php\/wp-json\/wp\/v2\/pages\/96"}],"collection":[{"href":"http:\/\/www.adpo.pl\/index.php\/wp-json\/wp\/v2\/pages"}],"about":[{"href":"http:\/\/www.adpo.pl\/index.php\/wp-json\/wp\/v2\/types\/page"}],"author":[{"embeddable":true,"href":"http:\/\/www.adpo.pl\/index.php\/wp-json\/wp\/v2\/users\/1"}],"replies":[{"embeddable":true,"href":"http:\/\/www.adpo.pl\/index.php\/wp-json\/wp\/v2\/comments?post=96"}],"version-history":[{"count":7,"href":"http:\/\/www.adpo.pl\/index.php\/wp-json\/wp\/v2\/pages\/96\/revisions"}],"predecessor-version":[{"id":167,"href":"http:\/\/www.adpo.pl\/index.php\/wp-json\/wp\/v2\/pages\/96\/revisions\/167"}],"wp:attachment":[{"href":"http:\/\/www.adpo.pl\/index.php\/wp-json\/wp\/v2\/media?parent=96"}],"curies":[{"name":"wp","href":"https:\/\/api.w.org\/{rel}","templated":true}]}}